{"id":629,"date":"2025-12-11T14:32:31","date_gmt":"2025-12-11T13:32:31","guid":{"rendered":"https:\/\/lescabanesjuandco.fr\/?page_id=629"},"modified":"2026-03-23T23:05:10","modified_gmt":"2026-03-23T22:05:10","slug":"reservation","status":"publish","type":"page","link":"https:\/\/lescabanesjuandco.fr\/en\/reservation\/","title":{"rendered":"Booking"},"content":{"rendered":"<div data-elementor-type=\"wp-page\" data-elementor-id=\"629\" class=\"elementor elementor-629\" data-elementor-post-type=\"page\">\n\t\t\t\t<div class=\"elementor-element elementor-element-240f7f1a e-flex e-con-boxed e-con e-parent\" data-id=\"240f7f1a\" data-element_type=\"container\" data-settings=\"{&quot;background_background&quot;:&quot;classic&quot;,&quot;shape_divider_bottom&quot;:&quot;pyramids&quot;}\">\n\t\t\t\t\t<div class=\"e-con-inner\">\n\t\t\t\t<div class=\"elementor-shape elementor-shape-bottom\" aria-hidden=\"true\" data-negative=\"false\">\n\t\t\t<svg xmlns=\"http:\/\/www.w3.org\/2000\/svg\" viewbox=\"0 0 1000 100\" preserveaspectratio=\"none\">\n\t<path class=\"elementor-shape-fill\" d=\"M761.9,44.1L643.1,27.2L333.8,98L0,3.8V0l1000,0v3.9\"\/>\n<\/svg>\t\t<\/div>\n\t\t<div class=\"elementor-element elementor-element-58bb727c e-con-full e-flex e-con e-child\" data-id=\"58bb727c\" data-element_type=\"container\">\n\t\t\t\t<div class=\"elementor-element elementor-element-71c0d8c elementor-widget elementor-widget-heading\" data-id=\"71c0d8c\" data-element_type=\"widget\" data-widget_type=\"heading.default\">\n\t\t\t\t\t<p class=\"elementor-heading-title elementor-size-default\">Unusual accommodation in Sa\u00f4ne-et-Loire\n\n\n<\/p>\t\t\t\t<\/div>\n\t\t\t\t<\/div>\n\t\t\t\t\t<\/div>\n\t\t\t\t<\/div>\n\t\t<div class=\"elementor-element elementor-element-0c2bdd1 e-flex e-con-boxed e-con e-parent\" data-id=\"0c2bdd1\" data-element_type=\"container\">\n\t\t\t\t\t<div class=\"e-con-inner\">\n\t\t\t\t<div class=\"elementor-element elementor-element-0597cef elementor-widget elementor-widget-shortcode\" data-id=\"0597cef\" data-element_type=\"widget\" data-widget_type=\"shortcode.default\">\n\t\t\t\t\t\t\t<div class=\"elementor-shortcode\"><\/div>\n\t\t\t\t\t\t<\/div>\n\t\t\t\t\t<\/div>\n\t\t\t\t<\/div>\n\t\t<div class=\"elementor-element elementor-element-7c71d7a e-flex e-con-boxed e-con e-parent\" data-id=\"7c71d7a\" data-element_type=\"container\">\n\t\t\t\t\t<div class=\"e-con-inner\">\n\t\t<div class=\"elementor-element elementor-element-d8e1bd8 e-con-full e-flex e-con e-child\" data-id=\"d8e1bd8\" data-element_type=\"container\">\n\t\t\t\t<div class=\"elementor-element elementor-element-32ac271 elementor-widget elementor-widget-heading\" data-id=\"32ac271\" data-element_type=\"widget\" data-widget_type=\"heading.default\">\n\t\t\t\t\t<h2 class=\"elementor-heading-title elementor-size-default\">The \"Bourguignon\" Barrel\"<\/h2>\t\t\t\t<\/div>\n\t\t\t\t<div class=\"elementor-element elementor-element-d24d544 elementor-widget elementor-widget-shortcode\" data-id=\"d24d544\" data-element_type=\"widget\" data-widget_type=\"shortcode.default\">\n\t\t\t\t\t\t\t<div class=\"elementor-shortcode\"> <\/div>\n\t\t\t\t\t\t<\/div>\n\t\t\t\t<\/div>\n\t\t<div class=\"elementor-element elementor-element-edc9656 e-con-full e-flex e-con e-child\" data-id=\"edc9656\" data-element_type=\"container\">\n\t\t\t\t<div class=\"elementor-element elementor-element-3772a6f elementor-widget elementor-widget-heading\" data-id=\"3772a6f\" data-element_type=\"widget\" data-widget_type=\"heading.default\">\n\t\t\t\t\t<h2 class=\"elementor-heading-title elementor-size-default\">The Finnish Kota \"forest walk\"<\/h2>\t\t\t\t<\/div>\n\t\t\t\t<div class=\"elementor-element elementor-element-f86e2f9 elementor-widget elementor-widget-shortcode\" data-id=\"f86e2f9\" data-element_type=\"widget\" data-widget_type=\"shortcode.default\">\n\t\t\t\t\t\t\t<div class=\"elementor-shortcode\"> <\/div>\n\t\t\t\t\t\t<\/div>\n\t\t\t\t<\/div>\n\t\t<div class=\"elementor-element elementor-element-cb634c8 e-con-full e-flex e-con e-child\" data-id=\"cb634c8\" data-element_type=\"container\">\n\t\t\t\t<div class=\"elementor-element elementor-element-a28a86a elementor-widget elementor-widget-heading\" data-id=\"a28a86a\" data-element_type=\"widget\" data-widget_type=\"heading.default\">\n\t\t\t\t\t<h2 class=\"elementor-heading-title elementor-size-default\">The \"The Little Prince\" Dome\"<\/h2>\t\t\t\t<\/div>\n\t\t\t\t<div class=\"elementor-element elementor-element-616444d elementor-widget__width-initial elementor-widget elementor-widget-shortcode\" data-id=\"616444d\" data-element_type=\"widget\" data-widget_type=\"shortcode.default\">\n\t\t\t\t\t\t\t<div class=\"elementor-shortcode\"> <\/div>\n\t\t\t\t\t\t<\/div>\n\t\t\t\t<\/div>\n\t\t<div class=\"elementor-element elementor-element-06d1ba3 e-con-full e-flex e-con e-child\" data-id=\"06d1ba3\" data-element_type=\"container\">\n\t\t\t\t<div class=\"elementor-element elementor-element-ea91e8c elementor-widget elementor-widget-heading\" data-id=\"ea91e8c\" data-element_type=\"widget\" data-widget_type=\"heading.default\">\n\t\t\t\t\t<h2 class=\"elementor-heading-title elementor-size-default\">The \"Bohemian Touareg\" Tent\"<\/h2>\t\t\t\t<\/div>\n\t\t\t\t<div class=\"elementor-element elementor-element-5eae0b7 elementor-widget__width-initial elementor-widget elementor-widget-shortcode\" data-id=\"5eae0b7\" data-element_type=\"widget\" data-widget_type=\"shortcode.default\">\n\t\t\t\t\t\t\t<div class=\"elementor-shortcode\"> <\/div>\n\t\t\t\t\t\t<\/div>\n\t\t\t\t<\/div>\n\t\t\t\t\t<\/div>\n\t\t\t\t<\/div>\n\t\t<div class=\"elementor-element elementor-element-69739cb e-flex e-con-boxed e-con e-parent\" data-id=\"69739cb\" data-element_type=\"container\">\n\t\t\t\t\t<div class=\"e-con-inner\">\n\t\t<div class=\"elementor-element elementor-element-f66ec5d e-con-full e-flex e-con e-child\" data-id=\"f66ec5d\" data-element_type=\"container\">\n\t\t\t\t<\/div>\n\t\t\t\t\t<\/div>\n\t\t\t\t<\/div>\n\t\t<div class=\"elementor-element elementor-element-7e6fbe49 e-con-full e-flex e-con e-parent\" data-id=\"7e6fbe49\" data-element_type=\"container\">\n\t\t<div class=\"elementor-element elementor-element-2def8d5c e-con-full e-flex e-con e-child\" data-id=\"2def8d5c\" data-element_type=\"container\">\n\t\t<div class=\"elementor-element elementor-element-2a89cc21 e-con-full e-flex e-con e-child\" data-id=\"2a89cc21\" data-element_type=\"container\">\n\t\t<div class=\"elementor-element elementor-element-7472886f e-con-full e-flex e-con e-child\" data-id=\"7472886f\" data-element_type=\"container\" data-settings=\"{&quot;background_background&quot;:&quot;classic&quot;}\">\n\t\t\t\t<\/div>\n\t\t<div class=\"elementor-element elementor-element-5c057ab e-con-full e-flex e-con e-child\" data-id=\"5c057ab\" data-element_type=\"container\" data-settings=\"{&quot;background_background&quot;:&quot;classic&quot;}\">\n\t\t<div class=\"elementor-element elementor-element-7c52f15d e-con-full e-flex e-con e-child\" data-id=\"7c52f15d\" data-element_type=\"container\">\n\t\t<div class=\"elementor-element elementor-element-4eb6ec1a e-con-full e-flex elementor-invisible e-con e-child\" data-id=\"4eb6ec1a\" data-element_type=\"container\" data-settings=\"{&quot;animation&quot;:&quot;fadeIn&quot;,&quot;animation_delay&quot;:&quot;200&quot;}\">\n\t\t\t\t<div class=\"elementor-element elementor-element-3adc551f elementor-widget elementor-widget-heading\" data-id=\"3adc551f\" data-element_type=\"widget\" data-widget_type=\"heading.default\">\n\t\t\t\t\t<h3 class=\"elementor-heading-title elementor-size-default\">Form<\/h3>\t\t\t\t<\/div>\n\t\t\t\t<div class=\"elementor-element elementor-element-2a08adef elementor-widget elementor-widget-heading\" data-id=\"2a08adef\" data-element_type=\"widget\" data-widget_type=\"heading.default\">\n\t\t\t\t\t<p class=\"elementor-heading-title elementor-size-default\">A question, a comment? Write to us! <\/p>\t\t\t\t<\/div>\n\t\t\t\t<\/div>\n\t\t\t\t<div class=\"elementor-element elementor-element-4eedb90 elementor-widget elementor-widget-button\" data-id=\"4eedb90\" data-element_type=\"widget\" data-widget_type=\"button.default\">\n\t\t\t\t\t\t\t\t\t\t<a class=\"elementor-button elementor-button-link elementor-size-sm\" href=\"\/en\/contact-acces\/\">\n\t\t\t\t\t\t<span class=\"elementor-button-content-wrapper\">\n\t\t\t\t\t\t\t\t\t<span class=\"elementor-button-text\">Form<\/span>\n\t\t\t\t\t<\/span>\n\t\t\t\t\t<\/a>\n\t\t\t\t\t\t\t\t<\/div>\n\t\t\t\t<\/div>\n\t\t\t\t<\/div>\n\t\t\t\t<\/div>\n\t\t\t\t<\/div>\n\t\t<div class=\"elementor-element elementor-element-d46f688 e-con-full e-flex e-con e-child\" data-id=\"d46f688\" data-element_type=\"container\" data-settings=\"{&quot;background_background&quot;:&quot;classic&quot;}\">\n\t\t\t\t<\/div>\n\t\t\t\t<\/div>\n\t\t\t\t<\/div>","protected":false},"excerpt":{"rendered":"<p>Unusual accommodation in Sa\u00f4ne-et-Loire The \u00abBurgundian\u00bb Barrel The Finnish Kota \u00abforest walk\u00bb The Dome \u00abLE Petit Prince\u00bb The Tent \u00abTouareg Bohemian\u00bb Form A quesrtion, a comment? Write to us! Form<\/p>","protected":false},"author":1,"featured_media":1409,"parent":0,"menu_order":0,"comment_status":"closed","ping_status":"closed","template":"elementor_header_footer","meta":{"footnotes":""},"class_list":["post-629","page","type-page","status-publish","has-post-thumbnail","hentry"],"yoast_head":"<!-- This site is optimized with the Yoast SEO plugin v27.2 - https:\/\/yoast.com\/product\/yoast-seo-wordpress\/ -->\n<title>R\u00e9servation | Les Cabanes Ju &amp; Co<\/title>\n<meta name=\"description\" content=\"R\u00e9servation votre h\u00e9bergement insolite en Sa\u00f4ne-et-Loire via notre formulaire. Une question ou un commentaire ? \u00c9crivez-nous. En savoir plus\" \/>\n<meta name=\"robots\" content=\"index, follow, max-snippet:-1, max-image-preview:large, max-video-preview:-1\" \/>\n<link rel=\"canonical\" href=\"https:\/\/lescabanesjuandco.fr\/en\/reservation\/\" \/>\n<meta property=\"og:locale\" content=\"en_GB\" \/>\n<meta property=\"og:type\" content=\"article\" \/>\n<meta property=\"og:title\" content=\"R\u00e9servation | Les Cabanes Ju &amp; Co\" \/>\n<meta property=\"og:description\" content=\"R\u00e9servation votre h\u00e9bergement insolite en Sa\u00f4ne-et-Loire via notre formulaire. Une question ou un commentaire ? \u00c9crivez-nous. En savoir plus\" \/>\n<meta property=\"og:url\" content=\"https:\/\/lescabanesjuandco.fr\/en\/reservation\/\" \/>\n<meta property=\"og:site_name\" content=\"Les Cabanes Ju &amp; Co\" \/>\n<meta property=\"article:publisher\" content=\"https:\/\/www.facebook.com\/profile.php?id=61578727172142\" \/>\n<meta property=\"article:modified_time\" content=\"2026-03-23T22:05:10+00:00\" \/>\n<meta property=\"og:image\" content=\"https:\/\/lescabanesjuandco.fr\/wp-content\/uploads\/2026\/03\/0-1024x683.png\" \/>\n\t<meta property=\"og:image:width\" content=\"1024\" \/>\n\t<meta property=\"og:image:height\" content=\"683\" \/>\n\t<meta property=\"og:image:type\" content=\"image\/png\" \/>\n<meta name=\"twitter:card\" content=\"summary_large_image\" \/>\n<meta name=\"twitter:label1\" content=\"Estimated reading time\" \/>\n\t<meta name=\"twitter:data1\" content=\"1 minute\" \/>\n<script type=\"application\/ld+json\" class=\"yoast-schema-graph\">{\"@context\":\"https:\/\/schema.org\",\"@graph\":[{\"@type\":\"WebPage\",\"@id\":\"https:\/\/lescabanesjuandco.fr\/reservation\/\",\"url\":\"https:\/\/lescabanesjuandco.fr\/reservation\/\",\"name\":\"R\u00e9servation | Les Cabanes Ju &amp; Co\",\"isPartOf\":{\"@id\":\"https:\/\/lescabanesjuandco.fr\/#website\"},\"primaryImageOfPage\":{\"@id\":\"https:\/\/lescabanesjuandco.fr\/reservation\/#primaryimage\"},\"image\":{\"@id\":\"https:\/\/lescabanesjuandco.fr\/reservation\/#primaryimage\"},\"thumbnailUrl\":\"https:\/\/lescabanesjuandco.fr\/wp-content\/uploads\/2026\/03\/0.png\",\"datePublished\":\"2025-12-11T13:32:31+00:00\",\"dateModified\":\"2026-03-23T22:05:10+00:00\",\"description\":\"R\u00e9servation votre h\u00e9bergement insolite en Sa\u00f4ne-et-Loire via notre formulaire. Une question ou un commentaire ? \u00c9crivez-nous. En savoir plus\",\"breadcrumb\":{\"@id\":\"https:\/\/lescabanesjuandco.fr\/reservation\/#breadcrumb\"},\"inLanguage\":\"en-GB\",\"potentialAction\":[{\"@type\":\"ReadAction\",\"target\":[\"https:\/\/lescabanesjuandco.fr\/reservation\/\"]}]},{\"@type\":\"ImageObject\",\"inLanguage\":\"en-GB\",\"@id\":\"https:\/\/lescabanesjuandco.fr\/reservation\/#primaryimage\",\"url\":\"https:\/\/lescabanesjuandco.fr\/wp-content\/uploads\/2026\/03\/0.png\",\"contentUrl\":\"https:\/\/lescabanesjuandco.fr\/wp-content\/uploads\/2026\/03\/0.png\",\"width\":1536,\"height\":1024},{\"@type\":\"BreadcrumbList\",\"@id\":\"https:\/\/lescabanesjuandco.fr\/reservation\/#breadcrumb\",\"itemListElement\":[{\"@type\":\"ListItem\",\"position\":1,\"name\":\"Accueil\",\"item\":\"https:\/\/lescabanesjuandco.fr\/\"},{\"@type\":\"ListItem\",\"position\":2,\"name\":\"R\u00e9servation\"}]},{\"@type\":\"WebSite\",\"@id\":\"https:\/\/lescabanesjuandco.fr\/#website\",\"url\":\"https:\/\/lescabanesjuandco.fr\/\",\"name\":\"Les Cabanes Ju & Co\",\"description\":\"\",\"publisher\":{\"@id\":\"https:\/\/lescabanesjuandco.fr\/#organization\"},\"potentialAction\":[{\"@type\":\"SearchAction\",\"target\":{\"@type\":\"EntryPoint\",\"urlTemplate\":\"https:\/\/lescabanesjuandco.fr\/?s={search_term_string}\"},\"query-input\":{\"@type\":\"PropertyValueSpecification\",\"valueRequired\":true,\"valueName\":\"search_term_string\"}}],\"inLanguage\":\"en-GB\"},{\"@type\":\"Organization\",\"@id\":\"https:\/\/lescabanesjuandco.fr\/#organization\",\"name\":\"Les Cabanes Ju & Co\",\"url\":\"https:\/\/lescabanesjuandco.fr\/\",\"logo\":{\"@type\":\"ImageObject\",\"inLanguage\":\"en-GB\",\"@id\":\"https:\/\/lescabanesjuandco.fr\/#\/schema\/logo\/image\/\",\"url\":\"https:\/\/lescabanesjuandco.fr\/wp-content\/uploads\/2025\/12\/logo.png\",\"contentUrl\":\"https:\/\/lescabanesjuandco.fr\/wp-content\/uploads\/2025\/12\/logo.png\",\"width\":2211,\"height\":2211,\"caption\":\"Les Cabanes Ju & Co\"},\"image\":{\"@id\":\"https:\/\/lescabanesjuandco.fr\/#\/schema\/logo\/image\/\"},\"sameAs\":[\"https:\/\/www.facebook.com\/profile.php?id=61578727172142\"]}]}<\/script>\n<!-- \/ Yoast SEO plugin. -->","yoast_head_json":{"title":"Booking | Les Cabanes Ju &amp; Co","description":"Book your unusual accommodation in Sa\u00f4ne-et-Loire via our form. A question or a comment? Write to us. Find out more","robots":{"index":"index","follow":"follow","max-snippet":"max-snippet:-1","max-image-preview":"max-image-preview:large","max-video-preview":"max-video-preview:-1"},"canonical":"https:\/\/lescabanesjuandco.fr\/en\/reservation\/","og_locale":"en_GB","og_type":"article","og_title":"R\u00e9servation | Les Cabanes Ju &amp; Co","og_description":"R\u00e9servation votre h\u00e9bergement insolite en Sa\u00f4ne-et-Loire via notre formulaire. Une question ou un commentaire ? \u00c9crivez-nous. En savoir plus","og_url":"https:\/\/lescabanesjuandco.fr\/en\/reservation\/","og_site_name":"Les Cabanes Ju &amp; Co","article_publisher":"https:\/\/www.facebook.com\/profile.php?id=61578727172142","article_modified_time":"2026-03-23T22:05:10+00:00","og_image":[{"width":1024,"height":683,"url":"https:\/\/lescabanesjuandco.fr\/wp-content\/uploads\/2026\/03\/0-1024x683.png","type":"image\/png"}],"twitter_card":"summary_large_image","twitter_misc":{"Estimated reading time":"1 minute"},"schema":{"@context":"https:\/\/schema.org","@graph":[{"@type":"WebPage","@id":"https:\/\/lescabanesjuandco.fr\/reservation\/","url":"https:\/\/lescabanesjuandco.fr\/reservation\/","name":"Booking | Les Cabanes Ju &amp; Co","isPartOf":{"@id":"https:\/\/lescabanesjuandco.fr\/#website"},"primaryImageOfPage":{"@id":"https:\/\/lescabanesjuandco.fr\/reservation\/#primaryimage"},"image":{"@id":"https:\/\/lescabanesjuandco.fr\/reservation\/#primaryimage"},"thumbnailUrl":"https:\/\/lescabanesjuandco.fr\/wp-content\/uploads\/2026\/03\/0.png","datePublished":"2025-12-11T13:32:31+00:00","dateModified":"2026-03-23T22:05:10+00:00","description":"Book your unusual accommodation in Sa\u00f4ne-et-Loire via our form. A question or a comment? Write to us. Find out more","breadcrumb":{"@id":"https:\/\/lescabanesjuandco.fr\/reservation\/#breadcrumb"},"inLanguage":"en-GB","potentialAction":[{"@type":"ReadAction","target":["https:\/\/lescabanesjuandco.fr\/reservation\/"]}]},{"@type":"ImageObject","inLanguage":"en-GB","@id":"https:\/\/lescabanesjuandco.fr\/reservation\/#primaryimage","url":"https:\/\/lescabanesjuandco.fr\/wp-content\/uploads\/2026\/03\/0.png","contentUrl":"https:\/\/lescabanesjuandco.fr\/wp-content\/uploads\/2026\/03\/0.png","width":1536,"height":1024},{"@type":"BreadcrumbList","@id":"https:\/\/lescabanesjuandco.fr\/reservation\/#breadcrumb","itemListElement":[{"@type":"ListItem","position":1,"name":"Accueil","item":"https:\/\/lescabanesjuandco.fr\/"},{"@type":"ListItem","position":2,"name":"R\u00e9servation"}]},{"@type":"WebSite","@id":"https:\/\/lescabanesjuandco.fr\/#website","url":"https:\/\/lescabanesjuandco.fr\/","name":"Ju &amp; Co Cabins","description":"","publisher":{"@id":"https:\/\/lescabanesjuandco.fr\/#organization"},"potentialAction":[{"@type":"SearchAction","target":{"@type":"EntryPoint","urlTemplate":"https:\/\/lescabanesjuandco.fr\/?s={search_term_string}"},"query-input":{"@type":"PropertyValueSpecification","valueRequired":true,"valueName":"search_term_string"}}],"inLanguage":"en-GB"},{"@type":"Organization","@id":"https:\/\/lescabanesjuandco.fr\/#organization","name":"Ju &amp; Co Cabins","url":"https:\/\/lescabanesjuandco.fr\/","logo":{"@type":"ImageObject","inLanguage":"en-GB","@id":"https:\/\/lescabanesjuandco.fr\/#\/schema\/logo\/image\/","url":"https:\/\/lescabanesjuandco.fr\/wp-content\/uploads\/2025\/12\/logo.png","contentUrl":"https:\/\/lescabanesjuandco.fr\/wp-content\/uploads\/2025\/12\/logo.png","width":2211,"height":2211,"caption":"Les Cabanes Ju & Co"},"image":{"@id":"https:\/\/lescabanesjuandco.fr\/#\/schema\/logo\/image\/"},"sameAs":["https:\/\/www.facebook.com\/profile.php?id=61578727172142"]}]}},"_links":{"self":[{"href":"https:\/\/lescabanesjuandco.fr\/en\/wp-json\/wp\/v2\/pages\/629","targetHints":{"allow":["GET"]}}],"collection":[{"href":"https:\/\/lescabanesjuandco.fr\/en\/wp-json\/wp\/v2\/pages"}],"about":[{"href":"https:\/\/lescabanesjuandco.fr\/en\/wp-json\/wp\/v2\/types\/page"}],"author":[{"embeddable":true,"href":"https:\/\/lescabanesjuandco.fr\/en\/wp-json\/wp\/v2\/users\/1"}],"replies":[{"embeddable":true,"href":"https:\/\/lescabanesjuandco.fr\/en\/wp-json\/wp\/v2\/comments?post=629"}],"version-history":[{"count":19,"href":"https:\/\/lescabanesjuandco.fr\/en\/wp-json\/wp\/v2\/pages\/629\/revisions"}],"predecessor-version":[{"id":1576,"href":"https:\/\/lescabanesjuandco.fr\/en\/wp-json\/wp\/v2\/pages\/629\/revisions\/1576"}],"wp:featuredmedia":[{"embeddable":true,"href":"https:\/\/lescabanesjuandco.fr\/en\/wp-json\/wp\/v2\/media\/1409"}],"wp:attachment":[{"href":"https:\/\/lescabanesjuandco.fr\/en\/wp-json\/wp\/v2\/media?parent=629"}],"curies":[{"name":"wp","href":"https:\/\/api.w.org\/{rel}","templated":true}]}}